{"id":228,"date":"2017-07-17T17:32:13","date_gmt":"2017-07-17T14:32:13","guid":{"rendered":"https:\/\/sonsuzlukkulesi.com\/kuranetimoloji\/?page_id=228"},"modified":"2019-12-11T02:16:20","modified_gmt":"2019-12-10T23:16:20","slug":"hakkinda","status":"publish","type":"page","link":"https:\/\/sonsuzlukkulesi.com\/kuranetimoloji\/hakkinda\/","title":{"rendered":"Hakk\u0131nda"},"content":{"rendered":"<p style=\"text-align: justify;\">Ho\u015f geldiniz!<\/p>\n<p style=\"text-align: justify;\"><strong><a href=\"http:\/\/kuranharitasi.com\">Kur&#8217;an Haritas\u0131<\/a><\/strong> projemize tamamlay\u0131c\u0131 olma maksad\u0131yla\u00a0<strong><a href=\"https:\/\/sonsuzlukkulesi.com\/kuranetimoloji\/\">Etimoloji<\/a><\/strong> sitemiz geli\u015ftirilmektedir.<\/p>\n<ul style=\"text-align: justify;\">\n<li>Maksad\u0131m\u0131z\u00a0Kur&#8217;an Haritam\u0131z&#8217;da\u00a0ayet i\u00e7i ve ba\u011f\u0131ms\u0131z olarak listeledi\u011fimiz t\u00fcm kelimelerin\u00a0t\u00fcretildikleri <strong>k\u00f6k kelimelerin\u00a0<\/strong>kadim\/klasik Arap\u00e7a s\u00f6zl\u00fcklerde (<em>El-M\u00fcfredat Fi \u011ear\u00eeb El-Kur&#8217;\u0101n, Lis\u0101nul Arab, T\u0101cul Ar\u016bs<\/em> gibi) ge\u00e7en olas\u0131 t\u00fcm anlamlar\u0131n\u0131 vermek ve anlam uzay\u0131n\u0131 kavrayabilmek i\u00e7in T\u00fcrk\u00e7e&#8217;mize dahil olmu\u015f bu k\u00f6kten s\u00f6zc\u00fcklerin aktar\u0131m\u0131n\u0131 peyderpey sa\u011flamak.<\/li>\n<li>Kur&#8217;an k\u00f6k s\u00f6zc\u00fcklerinin 7. y\u00fczy\u0131l anlamlar\u0131na yakla\u015fabilmek i\u00e7in, Arap\u00e7an\u0131n akrabas\u0131 <strong>Akad,\u00a0Arami, \u0130brani<\/strong> dillerindeki varsa tespit edebildi\u011fimiz muadil s\u00f6zc\u00fckleri de anlamlar\u0131yla dahil etmek.<\/li>\n<\/ul>\n<figure id=\"attachment_400\" aria-describedby=\"caption-attachment-400\" style=\"width: 607px\" class=\"wp-caption aligncenter\"><img loading=\"lazy\" class=\"wp-image-400 size-full\" src=\"https:\/\/sonsuzlukkulesi.com\/kuranetimoloji\/wp-content\/uploads\/kuran-etimolojik-analiz.jpg\" alt=\"kuran-etimolojik-analiz\" width=\"607\" height=\"478\" srcset=\"https:\/\/sonsuzlukkulesi.com\/kuranetimoloji\/wp-content\/uploads\/kuran-etimolojik-analiz.jpg 607w, https:\/\/sonsuzlukkulesi.com\/kuranetimoloji\/wp-content\/uploads\/kuran-etimolojik-analiz-300x236.jpg 300w\" sizes=\"(max-width: 607px) 100vw, 607px\" \/><figcaption id=\"caption-attachment-400\" class=\"wp-caption-text\">kuran-k\u00f6k-kelime-etimolojik-analiz<\/figcaption><\/figure>\n<p style=\"text-align: justify;\">Site i\u00e7i canl\u0131 arama motorunu kullanarak veri-taban\u0131na dahil edilmi\u015f <strong>K\u00f6k kelime\u00a0<\/strong>(\u00d6r: <strong>Elif<\/strong>\u00a0harfi ile ba\u015flayan) veya <strong>Anlam \u0130\u00e7eri\u011finde<\/strong>\u00a0(\u00d6r: <strong>k\u0131ymet<\/strong>) arama yapabilir ve ilgili sayfaya gidebilirsiniz.<\/p>\n<figure id=\"attachment_408\" aria-describedby=\"caption-attachment-408\" style=\"width: 530px\" class=\"wp-caption aligncenter\"><img loading=\"lazy\" class=\"wp-image-408 size-full\" src=\"https:\/\/sonsuzlukkulesi.com\/kuranetimoloji\/wp-content\/uploads\/kok-kelime-arama-1.png\" alt=\"kok-kelime-arama\" width=\"530\" height=\"301\" srcset=\"https:\/\/sonsuzlukkulesi.com\/kuranetimoloji\/wp-content\/uploads\/kok-kelime-arama-1.png 530w, https:\/\/sonsuzlukkulesi.com\/kuranetimoloji\/wp-content\/uploads\/kok-kelime-arama-1-300x170.png 300w\" sizes=\"(max-width: 530px) 100vw, 530px\" \/><figcaption id=\"caption-attachment-408\" class=\"wp-caption-text\">kuran-k\u00f6k-kelime-i\u00e7erik-arama<\/figcaption><\/figure>\n<ul style=\"list-style-type: circle; text-align: justify;\">\n<li><a href=\"https:\/\/sonsuzlukkulesi.com\/kuranetimoloji\/kok-anlam-ekle\"><strong>\u0130\u00e7erik EKLE<\/strong><\/a> sayfas\u0131n\u0131 kullanarak sizler de <span style=\"text-decoration: underline;\">kayna\u011f\u0131n\u0131 belirterek<\/span> k\u00f6k kelime anlam\u0131 girebilirsiniz.<\/li>\n<li>Her t\u00fcrl\u00fc d\u00fc\u015f\u00fcnce, ele\u015ftiri, fikir, katk\u0131 i\u00e7in <a href=\"https:\/\/sonsuzlukkulesi.com\/kuranetimoloji\/iletisim\">\u0130leti\u015fim<\/a> sayfam\u0131z\u0131 veya <strong>info@sonsuzlukkulesi.com<\/strong> eposta adresimizi kullanabilirsiniz.<\/li>\n<\/ul>\n<p style=\"text-align: justify;\"><strong>Yararlan\u0131lan Kaynaklar<\/strong><br \/>\n<a href=\"http:\/\/www.studyquran.co.uk\/\" target=\"_blank\" rel=\"noopener noreferrer\">Study Quran<\/a><br \/>\n<a href=\"http:\/\/www.kuranmeali.com\/\" target=\"_blank\" rel=\"noopener noreferrer\">Kur&#8217;an Meali.com<\/a><br \/>\n<a href=\"http:\/\/www.nisanyansozluk.com\/\" target=\"_blank\" rel=\"noopener noreferrer\">Ni\u015fanyan S\u00f6zl\u00fck<\/a><br \/>\n<a href=\"http:\/\/www.islamansiklopedisi.info\/\" target=\"_blank\" rel=\"noopener noreferrer\">TDV \u0130slam Ansiklopedisi<\/a><\/p>\n","protected":false},"excerpt":{"rendered":"<p>Ho\u015f geldiniz! Kur&#8217;an Haritas\u0131 projemize tamamlay\u0131c\u0131 olma maksad\u0131yla\u00a0Etimoloji sitemiz geli\u015ftirilmektedir. Maksad\u0131m\u0131z\u00a0Kur&#8217;an Haritam\u0131z&#8217;da\u00a0ayet i\u00e7i ve ba\u011f\u0131ms\u0131z olarak listeledi\u011fimiz t\u00fcm kelimelerin\u00a0t\u00fcretildikleri k\u00f6k kelimelerin\u00a0kadim\/klasik Arap\u00e7a s\u00f6zl\u00fcklerde (El-M\u00fcfredat Fi&#8230;<\/p>\n<div class=\"more-link-wrapper\"><a class=\"more-link\" href=\"https:\/\/sonsuzlukkulesi.com\/kuranetimoloji\/hakkinda\/\">Devam\u0131n\u0131 okuyun<span class=\"screen-reader-text\">Hakk\u0131nda<\/span><\/a><\/div>\n","protected":false},"author":1,"featured_media":0,"parent":0,"menu_order":0,"comment_status":"closed","ping_status":"closed","template":"","meta":[],"_links":{"self":[{"href":"https:\/\/sonsuzlukkulesi.com\/kuranetimoloji\/wp-json\/wp\/v2\/pages\/228"}],"collection":[{"href":"https:\/\/sonsuzlukkulesi.com\/kuranetimoloji\/wp-json\/wp\/v2\/pages"}],"about":[{"href":"https:\/\/sonsuzlukkulesi.com\/kuranetimoloji\/wp-json\/wp\/v2\/types\/page"}],"author":[{"embeddable":true,"href":"https:\/\/sonsuzlukkulesi.com\/kuranetimoloji\/wp-json\/wp\/v2\/users\/1"}],"replies":[{"embeddable":true,"href":"https:\/\/sonsuzlukkulesi.com\/kuranetimoloji\/wp-json\/wp\/v2\/comments?post=228"}],"version-history":[{"count":0,"href":"https:\/\/sonsuzlukkulesi.com\/kuranetimoloji\/wp-json\/wp\/v2\/pages\/228\/revisions"}],"wp:attachment":[{"href":"https:\/\/sonsuzlukkulesi.com\/kuranetimoloji\/wp-json\/wp\/v2\/media?parent=228"}],"curies":[{"name":"wp","href":"https:\/\/api.w.org\/{rel}","templated":true}]}}